{"id":165,"date":"2022-11-05T00:04:35","date_gmt":"2022-11-05T00:04:35","guid":{"rendered":"https:\/\/www.fastcloudconsulting.com\/es\/?page_id=165"},"modified":"2025-06-19T09:32:24","modified_gmt":"2025-06-19T15:32:24","slug":"servicios","status":"publish","type":"page","link":"https:\/\/www.fastcloudconsulting.com\/es\/servicios\/","title":{"rendered":"Servicios"},"content":{"rendered":"<p style=\"\"><strong>Servicios<\/strong><\/p>\n<p style=\"text-align: center;\">Servicios<\/p>\n<p><span><img decoding=\"async\" alt=\"\" data-id=\"150\" width=\"425\" data-init-width=\"354\" height=\"425\" data-init-height=\"354\" title=\"Trazado 817\" data-src=\"https:\/\/www.fastcloudconsulting.com\/es\/wp-content\/uploads\/2022\/11\/Trazado-817.png\" data-width=\"425\" data-height=\"425\" style=\"--smush-placeholder-width: 425px; --smush-placeholder-aspect-ratio: 425\/425;aspect-ratio: auto 354 \/ 354;\" src=\"data:image\/svg+xml;base64,PHN2ZyB3aWR0aD0iMSIgaGVpZ2h0PSIxIiB4bWxucz0iaHR0cDovL3d3dy53My5vcmcvMjAwMC9zdmciPjwvc3ZnPg==\" class=\"lazyload\"><\/span><span><img decoding=\"async\" alt=\"\" data-id=\"143\" width=\"135\" data-init-width=\"137\" height=\"135\" data-init-height=\"137\" title=\"Elipse 154\" data-src=\"https:\/\/www.fastcloudconsulting.com\/es\/wp-content\/uploads\/2022\/11\/Elipse-154.png\" data-width=\"135\" data-height=\"135\" style=\"--smush-placeholder-width: 135px; --smush-placeholder-aspect-ratio: 135\/135;aspect-ratio: auto 137 \/ 137;\" src=\"data:image\/svg+xml;base64,PHN2ZyB3aWR0aD0iMSIgaGVpZ2h0PSIxIiB4bWxucz0iaHR0cDovL3d3dy53My5vcmcvMjAwMC9zdmciPjwvc3ZnPg==\" class=\"lazyload\"><\/span><span><img decoding=\"async\" alt=\"\" data-id=\"171\" width=\"300\" data-init-width=\"335\" height=\"424\" data-init-height=\"424\" title=\"consulting-co-working-business-team-meeting-planning-strategy-analysis-investment_baja\" data-src=\"https:\/\/www.fastcloudconsulting.com\/es\/wp-content\/uploads\/2022\/11\/consulting-co-working-business-team-meeting-planning-strategy-analysis-investment_baja.png.webp\" data-width=\"300\" style=\"--smush-placeholder-width: 300px; --smush-placeholder-aspect-ratio: 300\/424;aspect-ratio: auto 335 \/ 424;\" src=\"data:image\/svg+xml;base64,PHN2ZyB3aWR0aD0iMSIgaGVpZ2h0PSIxIiB4bWxucz0iaHR0cDovL3d3dy53My5vcmcvMjAwMC9zdmciPjwvc3ZnPg==\" class=\"lazyload\"><\/span><\/p>\n<p style=\"\">Consultor\u00eda e Implementaci\u00f3n<\/p>\n<p style=\"\"><a href=\"https:\/\/www.fastcloudconsulting.com\/es\/consultoria-e-implementacion\/\" style=\"outline: none;\" data-lt-tmp-id=\"lt-155186\" spellcheck=\"false\">| Ver m\u00e1s |<\/a><\/p>\n<p><span><img decoding=\"async\" alt=\"\" data-id=\"174\" width=\"300\" data-init-width=\"335\" height=\"380\" data-init-height=\"424\" title=\"pexels-mentatdgt-1399282\" data-src=\"https:\/\/www.fastcloudconsulting.com\/es\/wp-content\/uploads\/2022\/11\/pexels-mentatdgt-1399282.png.webp\" data-width=\"300\" style=\"--smush-placeholder-width: 300px; --smush-placeholder-aspect-ratio: 300\/380;aspect-ratio: auto 335 \/ 424;\" data-height=\"380\" src=\"data:image\/svg+xml;base64,PHN2ZyB3aWR0aD0iMSIgaGVpZ2h0PSIxIiB4bWxucz0iaHR0cDovL3d3dy53My5vcmcvMjAwMC9zdmciPjwvc3ZnPg==\" class=\"lazyload\"><\/span><\/p>\n<p style=\"\">Service Cloud<\/p>\n<p style=\"\"><a href=\"https:\/\/www.fastcloudconsulting.com\/es\/service-cloud\/\" style=\"outline: none;\" data-lt-tmp-id=\"lt-591337\" spellcheck=\"false\">| Ver m\u00e1s |<\/a><\/p>\n<p><span><img decoding=\"async\" alt=\"\" data-id=\"177\" width=\"300\" data-init-width=\"335\" height=\"380\" data-init-height=\"424\" title=\"business-people-working-with-digital-tablet-in-meeting\" data-src=\"https:\/\/www.fastcloudconsulting.com\/es\/wp-content\/uploads\/2022\/11\/business-people-working-with-digital-tablet-in-meeting.png.webp\" data-width=\"300\" data-height=\"380\" style=\"--smush-placeholder-width: 300px; --smush-placeholder-aspect-ratio: 300\/380;aspect-ratio: auto 335 \/ 424;\" src=\"data:image\/svg+xml;base64,PHN2ZyB3aWR0aD0iMSIgaGVpZ2h0PSIxIiB4bWxucz0iaHR0cDovL3d3dy53My5vcmcvMjAwMC9zdmciPjwvc3ZnPg==\" class=\"lazyload\"><\/span><\/p>\n<p style=\"\">Marketing Automation<\/p>\n<p style=\"\"><a href=\"https:\/\/www.fastcloudconsulting.com\/es\/marketing-automation\/\" style=\"outline: none;\" data-lt-tmp-id=\"lt-190248\" spellcheck=\"false\">| Ver m\u00e1s |<\/a><\/p>\n<p><span><img decoding=\"async\" alt=\"\" data-id=\"900\" width=\"300\" data-init-width=\"335\" height=\"380\" data-init-height=\"424\" title=\"video-call-business-\" data-src=\"\/\/www.fastcloudconsulting.com\/wp-content\/uploads\/2023\/06\/video-call-business-.png.webp\" data-width=\"300\" data-height=\"380\" style=\"--smush-placeholder-width: 300px; --smush-placeholder-aspect-ratio: 300\/380;aspect-ratio: auto 335 \/ 424;\" src=\"data:image\/svg+xml;base64,PHN2ZyB3aWR0aD0iMSIgaGVpZ2h0PSIxIiB4bWxucz0iaHR0cDovL3d3dy53My5vcmcvMjAwMC9zdmciPjwvc3ZnPg==\" class=\"lazyload\"><\/span><\/p>\n<p style=\"\">Comunicaciones<\/p>\n<p style=\"\"><a href=\"https:\/\/www.fastcloudconsulting.com\/es\/comunicaciones\/\" style=\"outline: none;\" data-lt-tmp-id=\"lt-341788\" spellcheck=\"false\">| Ver m\u00e1s |<\/a><\/p>\n<p><span><img decoding=\"async\" alt=\"\" data-id=\"175\" width=\"300\" data-init-width=\"335\" height=\"381\" data-init-height=\"425\" title=\"happy-woman-with-phone\" data-src=\"https:\/\/www.fastcloudconsulting.com\/es\/wp-content\/uploads\/2022\/11\/happy-woman-with-phone.png.webp\" data-width=\"300\" data-height=\"381\" style=\"--smush-placeholder-width: 300px; --smush-placeholder-aspect-ratio: 300\/381;aspect-ratio: auto 335 \/ 425;\" src=\"data:image\/svg+xml;base64,PHN2ZyB3aWR0aD0iMSIgaGVpZ2h0PSIxIiB4bWxucz0iaHR0cDovL3d3dy53My5vcmcvMjAwMC9zdmciPjwvc3ZnPg==\" class=\"lazyload\"><\/span><\/p>\n<p style=\"\">CRM Analytics<\/p>\n<p style=\"\"><a href=\"https:\/\/www.fastcloudconsulting.com\/es\/analytics-cloud\/\" style=\"outline: none;\" data-lt-tmp-id=\"lt-938589\" spellcheck=\"false\">| Ver m\u00e1s |<\/a><\/p>\n<p><span><img decoding=\"async\" alt=\"\" data-id=\"178\" width=\"300\" data-init-width=\"335\" height=\"381\" data-init-height=\"425\" title=\"group-of-young-contents-creators-looking-at-smartphones-their-achievement-on-line-four-people-bloggers-working-in-studio-for-business-youth-teamwork-sharing-on-mobile-app-and-laptop-creati\" data-src=\"https:\/\/www.fastcloudconsulting.com\/es\/wp-content\/uploads\/2022\/11\/group-of-young-contents-creators-looking-at-smartphones-their-achievement-on-line-four-people-bloggers-working-in-studio-for-business-youth-teamwork-sharing-on-mobile-app-and-laptop-creati.png.webp\" data-width=\"300\" data-height=\"381\" style=\"--smush-placeholder-width: 300px; --smush-placeholder-aspect-ratio: 300\/381;aspect-ratio: auto 335 \/ 425;\" src=\"data:image\/svg+xml;base64,PHN2ZyB3aWR0aD0iMSIgaGVpZ2h0PSIxIiB4bWxucz0iaHR0cDovL3d3dy53My5vcmcvMjAwMC9zdmciPjwvc3ZnPg==\" class=\"lazyload\"><\/span><\/p>\n<p style=\"\">App Cloud<\/p>\n<p style=\"\"><a href=\"https:\/\/www.fastcloudconsulting.com\/es\/app-cloud\/\" style=\"outline: none;\" data-lt-tmp-id=\"lt-594391\" spellcheck=\"false\">| Ver m\u00e1s |<\/a><\/p>\n<p><span style=\"\"><img decoding=\"async\" alt=\"\" data-id=\"901\" width=\"311\" data-init-width=\"335\" height=\"395\" data-init-height=\"425\" title=\"digital-transformati\" data-src=\"\/\/www.fastcloudconsulting.com\/wp-content\/uploads\/2023\/06\/digital-transformati.png.webp\" data-width=\"311\" data-height=\"395\" style=\"--smush-placeholder-width: 311px; --smush-placeholder-aspect-ratio: 311\/395;aspect-ratio: auto 335 \/ 425;\" mt-d=\"-10\" ml-d=\"0\" center-h-d=\"false\" center-v-d=\"false\" src=\"data:image\/svg+xml;base64,PHN2ZyB3aWR0aD0iMSIgaGVpZ2h0PSIxIiB4bWxucz0iaHR0cDovL3d3dy53My5vcmcvMjAwMC9zdmciPjwvc3ZnPg==\" class=\"lazyload\"><\/span><\/p>\n<p style=\"\">Amazon Connect<\/p>\n<p style=\"\"><a href=\"https:\/\/www.fastcloudconsulting.com\/es\/amazon-connect\/\" style=\"outline: none;\" data-lt-tmp-id=\"lt-411173\" spellcheck=\"false\">| Ver m\u00e1s |<\/a><\/p>\n<p><span><img decoding=\"async\" alt=\"\" data-id=\"173\" width=\"300\" data-init-width=\"336\" height=\"379\" data-init-height=\"424\" title=\"man-using-smartphone-at-workplace_baja\" data-src=\"https:\/\/www.fastcloudconsulting.com\/es\/wp-content\/uploads\/2022\/11\/man-using-smartphone-at-workplace_baja.png.webp\" data-width=\"300\" data-height=\"379\" style=\"--smush-placeholder-width: 300px; --smush-placeholder-aspect-ratio: 300\/379;aspect-ratio: auto 336 \/ 424;\" src=\"data:image\/svg+xml;base64,PHN2ZyB3aWR0aD0iMSIgaGVpZ2h0PSIxIiB4bWxucz0iaHR0cDovL3d3dy53My5vcmcvMjAwMC9zdmciPjwvc3ZnPg==\" class=\"lazyload\"><\/span><\/p>\n<p style=\"\">Sales Cloud<\/p>\n<p style=\"\"><a href=\"https:\/\/www.fastcloudconsulting.com\/es\/sales-cloud\/\" style=\"outline: none;\" data-lt-tmp-id=\"lt-580110\" spellcheck=\"false\">| Ver m\u00e1s |<\/a><\/p>\n<p><span><img decoding=\"async\" alt=\"\" data-id=\"176\" width=\"300\" data-init-width=\"336\" height=\"424\" data-init-height=\"424\" title=\"pexels-fauxels-3183197\" data-src=\"https:\/\/www.fastcloudconsulting.com\/es\/wp-content\/uploads\/2022\/11\/pexels-fauxels-3183197.png.webp\" data-width=\"300\" style=\"--smush-placeholder-width: 300px; --smush-placeholder-aspect-ratio: 300\/424;aspect-ratio: auto 336 \/ 424;\" src=\"data:image\/svg+xml;base64,PHN2ZyB3aWR0aD0iMSIgaGVpZ2h0PSIxIiB4bWxucz0iaHR0cDovL3d3dy53My5vcmcvMjAwMC9zdmciPjwvc3ZnPg==\" class=\"lazyload\"><\/span><\/p>\n<p style=\"\">Community Cloud<\/p>\n<p style=\"\"><a href=\"https:\/\/www.fastcloudconsulting.com\/es\/community-cloud\/\" style=\"outline: none;\" data-lt-tmp-id=\"lt-602779\" spellcheck=\"false\">| Ver m\u00e1s |<\/a><\/p>\n<p><span><img decoding=\"async\" alt=\"\" data-id=\"183\" width=\"300\" data-init-width=\"335\" height=\"380\" data-init-height=\"424\" title=\"platform-3-800x5002x\" data-src=\"https:\/\/www.fastcloudconsulting.com\/es\/wp-content\/uploads\/2022\/11\/platform-3-800x5002x.png.webp\" data-width=\"300\" data-height=\"380\" style=\"--smush-placeholder-width: 300px; --smush-placeholder-aspect-ratio: 300\/380;aspect-ratio: auto 335 \/ 424;\" src=\"data:image\/svg+xml;base64,PHN2ZyB3aWR0aD0iMSIgaGVpZ2h0PSIxIiB4bWxucz0iaHR0cDovL3d3dy53My5vcmcvMjAwMC9zdmciPjwvc3ZnPg==\" class=\"lazyload\"><\/span><\/p>\n<p style=\"\">Tableau<\/p>\n<p style=\"\"><a href=\"https:\/\/www.fastcloudconsulting.com\/es\/tableau\/\" style=\"outline: none;\" data-lt-tmp-id=\"lt-856506\" spellcheck=\"false\">| Ver m\u00e1s |<\/a><\/p>\n<p><span><img decoding=\"async\" alt=\"\" data-id=\"143\" width=\"135\" data-init-width=\"137\" height=\"135\" data-init-height=\"137\" title=\"Elipse 154\" data-src=\"https:\/\/www.fastcloudconsulting.com\/es\/wp-content\/uploads\/2022\/11\/Elipse-154.png\" data-width=\"135\" data-height=\"135\" style=\"--smush-placeholder-width: 135px; --smush-placeholder-aspect-ratio: 135\/135;aspect-ratio: auto 137 \/ 137;\" src=\"data:image\/svg+xml;base64,PHN2ZyB3aWR0aD0iMSIgaGVpZ2h0PSIxIiB4bWxucz0iaHR0cDovL3d3dy53My5vcmcvMjAwMC9zdmciPjwvc3ZnPg==\" class=\"lazyload\"><\/span><span><img decoding=\"async\" alt=\"\" data-id=\"150\" width=\"425\" data-init-width=\"354\" height=\"425\" data-init-height=\"354\" title=\"Trazado 817\" data-src=\"https:\/\/www.fastcloudconsulting.com\/es\/wp-content\/uploads\/2022\/11\/Trazado-817.png\" data-width=\"425\" data-height=\"425\" style=\"--smush-placeholder-width: 425px; --smush-placeholder-aspect-ratio: 425\/425;aspect-ratio: auto 354 \/ 354;\" src=\"data:image\/svg+xml;base64,PHN2ZyB3aWR0aD0iMSIgaGVpZ2h0PSIxIiB4bWxucz0iaHR0cDovL3d3dy53My5vcmcvMjAwMC9zdmciPjwvc3ZnPg==\" class=\"lazyload\"><\/span><\/p>\n","protected":false},"excerpt":{"rendered":"<p>Servicios Servicios Consultor\u00eda e Implementaci\u00f3n | Ver m\u00e1s | Service Cloud | Ver m\u00e1s | Marketing Automation | Ver m\u00e1s | Comunicaciones | Ver m\u00e1s | CRM Analytics | Ver m\u00e1s | App Cloud | Ver m\u00e1s | Amazon Connect | Ver m\u00e1s | Sales Cloud | Ver m\u00e1s | Community Cloud | Ver m\u00e1s [&hellip;]<\/p>\n","protected":false},"author":1,"featured_media":0,"parent":0,"menu_order":0,"comment_status":"closed","ping_status":"closed","template":"","meta":{"footnotes":""},"class_list":["post-165","page","type-page","status-publish","hentry","post-wrapper","thrv_wrapper"],"_links":{"self":[{"href":"https:\/\/www.fastcloudconsulting.com\/es\/wp-json\/wp\/v2\/pages\/165","targetHints":{"allow":["GET"]}}],"collection":[{"href":"https:\/\/www.fastcloudconsulting.com\/es\/wp-json\/wp\/v2\/pages"}],"about":[{"href":"https:\/\/www.fastcloudconsulting.com\/es\/wp-json\/wp\/v2\/types\/page"}],"author":[{"embeddable":true,"href":"https:\/\/www.fastcloudconsulting.com\/es\/wp-json\/wp\/v2\/users\/1"}],"replies":[{"embeddable":true,"href":"https:\/\/www.fastcloudconsulting.com\/es\/wp-json\/wp\/v2\/comments?post=165"}],"version-history":[{"count":64,"href":"https:\/\/www.fastcloudconsulting.com\/es\/wp-json\/wp\/v2\/pages\/165\/revisions"}],"predecessor-version":[{"id":1861,"href":"https:\/\/www.fastcloudconsulting.com\/es\/wp-json\/wp\/v2\/pages\/165\/revisions\/1861"}],"wp:attachment":[{"href":"https:\/\/www.fastcloudconsulting.com\/es\/wp-json\/wp\/v2\/media?parent=165"}],"curies":[{"name":"wp","href":"https:\/\/api.w.org\/{rel}","templated":true}]}}