{"id":198,"date":"2022-11-07T22:28:49","date_gmt":"2022-11-07T22:28:49","guid":{"rendered":"https:\/\/www.fastcloudconsulting.com\/es\/?page_id=198"},"modified":"2024-12-12T08:56:49","modified_gmt":"2024-12-12T14:56:49","slug":"consultoria-e-implementacion","status":"publish","type":"page","link":"https:\/\/www.fastcloudconsulting.com\/es\/consultoria-e-implementacion\/","title":{"rendered":"Consultoria e implementaci\u00f3n"},"content":{"rendered":"<p style=\"text-align: left;\">Consultor\u00eda e implementaci\u00f3n<\/p>\n<p style=\"\">Consultor\u00eda e implementaci\u00f3n<\/p>\n<p style=\"\"><strong><span>Simplificamos nuestros procesos para que comience a disfrutar de beneficios r\u00e1pidamente.<\/span><\/strong><span><\/span><span>Lo que nos hace \u00fanicos es nuestro enfoque en ayudar a los clientes de nuestros clientes a alcanzar el \u00e9xito. <strong>Esta actitud incentiva un proceso de innovaci\u00f3n a la hora de desarrollar su proyecto.<\/strong> Vamos m\u00e1s all\u00e1 de simplemente automatizar. Se trata de buscar maneras para que sus clientes puedan contactarlo, interactuar y comprar m\u00e1s f\u00e1cil de usted.<\/span><\/p>\n<p><span><img decoding=\"async\" alt=\"Ciclo de vida de proyecto\" data-id=\"1274\" width=\"350\" data-init-width=\"938\" height=\"350\" data-init-height=\"938\" title=\"\" data-src=\"https:\/\/www.fastcloudconsulting.com\/es\/wp-content\/uploads\/2024\/01\/Ciclo-de-vida-de-proyecto-450-ingles-11.png\" data-width=\"350\" data-height=\"350\" style=\"--smush-placeholder-width: 350px; --smush-placeholder-aspect-ratio: 350\/350;aspect-ratio: auto 938 \/ 938;\" src=\"data:image\/svg+xml;base64,PHN2ZyB3aWR0aD0iMSIgaGVpZ2h0PSIxIiB4bWxucz0iaHR0cDovL3d3dy53My5vcmcvMjAwMC9zdmciPjwvc3ZnPg==\" class=\"lazyload\"><\/span><\/p>\n<p style=\"\"><strong>1 | Explore<\/strong><\/p>\n<p style=\"\">Si quiere aprender m\u00e1s acerca de c\u00f3mo podemos ayudar a su negocio, colicite una demostraci\u00f3n ahora.<\/p>\n<p style=\"\"><strong>2 | Ejecute<\/strong><\/p>\n<p style=\"\">Si ya est\u00e1 listo para realizar un pago, haga clic abajo y aseg\u00farese de usar su n\u00famero de referencia.<\/p>\n","protected":false},"excerpt":{"rendered":"<p>Consultor\u00eda e implementaci\u00f3n Consultor\u00eda e implementaci\u00f3n Simplificamos nuestros procesos para que comience a disfrutar de beneficios r\u00e1pidamente.Lo que nos hace \u00fanicos es nuestro enfoque en ayudar a los clientes de nuestros clientes a alcanzar el \u00e9xito. Esta actitud incentiva un proceso de innovaci\u00f3n a la hora de desarrollar su proyecto. Vamos m\u00e1s all\u00e1 de simplemente [&hellip;]<\/p>\n","protected":false},"author":1,"featured_media":0,"parent":0,"menu_order":0,"comment_status":"closed","ping_status":"closed","template":"","meta":{"footnotes":""},"class_list":["post-198","page","type-page","status-publish","hentry","post-wrapper","thrv_wrapper"],"_links":{"self":[{"href":"https:\/\/www.fastcloudconsulting.com\/es\/wp-json\/wp\/v2\/pages\/198","targetHints":{"allow":["GET"]}}],"collection":[{"href":"https:\/\/www.fastcloudconsulting.com\/es\/wp-json\/wp\/v2\/pages"}],"about":[{"href":"https:\/\/www.fastcloudconsulting.com\/es\/wp-json\/wp\/v2\/types\/page"}],"author":[{"embeddable":true,"href":"https:\/\/www.fastcloudconsulting.com\/es\/wp-json\/wp\/v2\/users\/1"}],"replies":[{"embeddable":true,"href":"https:\/\/www.fastcloudconsulting.com\/es\/wp-json\/wp\/v2\/comments?post=198"}],"version-history":[{"count":22,"href":"https:\/\/www.fastcloudconsulting.com\/es\/wp-json\/wp\/v2\/pages\/198\/revisions"}],"predecessor-version":[{"id":1759,"href":"https:\/\/www.fastcloudconsulting.com\/es\/wp-json\/wp\/v2\/pages\/198\/revisions\/1759"}],"wp:attachment":[{"href":"https:\/\/www.fastcloudconsulting.com\/es\/wp-json\/wp\/v2\/media?parent=198"}],"curies":[{"name":"wp","href":"https:\/\/api.w.org\/{rel}","templated":true}]}}