{"id":294,"date":"2022-11-18T23:14:15","date_gmt":"2022-11-18T23:14:15","guid":{"rendered":"https:\/\/www.fastcloudconsulting.com\/es\/?page_id=294"},"modified":"2024-01-03T10:57:07","modified_gmt":"2024-01-03T16:57:07","slug":"noticias","status":"publish","type":"page","link":"https:\/\/www.fastcloudconsulting.com\/es\/noticias\/","title":{"rendered":"Noticias"},"content":{"rendered":"<p style=\"\">Noticias<\/p>\n<p><span><img decoding=\"async\" alt=\"\" data-id=\"150\" width=\"354\" data-init-width=\"354\" height=\"354\" data-init-height=\"354\" title=\"Trazado 817\" data-src=\"https:\/\/www.fastcloudconsulting.com\/es\/wp-content\/uploads\/2022\/11\/Trazado-817.png\" data-width=\"354\" data-height=\"354\" style=\"--smush-placeholder-width: 354px; --smush-placeholder-aspect-ratio: 354\/354;aspect-ratio: auto 354 \/ 354;\" src=\"data:image\/svg+xml;base64,PHN2ZyB3aWR0aD0iMSIgaGVpZ2h0PSIxIiB4bWxucz0iaHR0cDovL3d3dy53My5vcmcvMjAwMC9zdmciPjwvc3ZnPg==\" class=\"lazyload\"><\/span><span><img decoding=\"async\" alt=\"\" data-id=\"143\" width=\"137\" data-init-width=\"137\" height=\"137\" data-init-height=\"137\" title=\"Elipse 154\" data-src=\"https:\/\/www.fastcloudconsulting.com\/es\/wp-content\/uploads\/2022\/11\/Elipse-154.png\" data-width=\"137\" data-height=\"137\" style=\"--smush-placeholder-width: 137px; --smush-placeholder-aspect-ratio: 137\/137;aspect-ratio: auto 137 \/ 137;\" src=\"data:image\/svg+xml;base64,PHN2ZyB3aWR0aD0iMSIgaGVpZ2h0PSIxIiB4bWxucz0iaHR0cDovL3d3dy53My5vcmcvMjAwMC9zdmciPjwvc3ZnPg==\" class=\"lazyload\"><\/span><a href=\"https:\/\/www.fastcloudconsulting.com\/es\/rogelio-martinez-ceo-de-fast-cloud-presento-los-decentralized-autonomous-organizations-daos-en-la-gran-transformacion\/\" data-type-url=\"post_url\" data-type-display=\"default_image\" data-size=\"full\" data-post_id=\"1089\" data-title=\"post_title\"><img width=\"1366\" height=\"768\" data-src=\"https:\/\/www.fastcloudconsulting.com\/es\/wp-content\/uploads\/2023\/07\/Rogelio_Martinez_DAOS_La_Gran_Trasnformacion.jpg\" alt=\"\" decoding=\"async\" data-srcset=\"https:\/\/www.fastcloudconsulting.com\/es\/wp-content\/uploads\/2023\/07\/Rogelio_Martinez_DAOS_La_Gran_Trasnformacion.jpg 1366w, https:\/\/www.fastcloudconsulting.com\/es\/wp-content\/uploads\/2023\/07\/Rogelio_Martinez_DAOS_La_Gran_Trasnformacion-600x337.jpg 600w, https:\/\/www.fastcloudconsulting.com\/es\/wp-content\/uploads\/2023\/07\/Rogelio_Martinez_DAOS_La_Gran_Trasnformacion-300x169.jpg 300w, https:\/\/www.fastcloudconsulting.com\/es\/wp-content\/uploads\/2023\/07\/Rogelio_Martinez_DAOS_La_Gran_Trasnformacion-1024x576.jpg 1024w, https:\/\/www.fastcloudconsulting.com\/es\/wp-content\/uploads\/2023\/07\/Rogelio_Martinez_DAOS_La_Gran_Trasnformacion-768x432.jpg 768w, https:\/\/www.fastcloudconsulting.com\/es\/wp-content\/uploads\/2023\/07\/Rogelio_Martinez_DAOS_La_Gran_Trasnformacion-18x10.jpg 18w\" data-sizes=\"auto, (max-width: 1366px) 100vw, 1366px\" src=\"data:image\/svg+xml;base64,PHN2ZyB3aWR0aD0iMSIgaGVpZ2h0PSIxIiB4bWxucz0iaHR0cDovL3d3dy53My5vcmcvMjAwMC9zdmciPjwvc3ZnPg==\" class=\"lazyload\" style=\"--smush-placeholder-width: 1366px; --smush-placeholder-aspect-ratio: 1366\/768;\" \/><\/a><span data-extra_key=\"\" data-option-inline=\"1\" data-attr-date-format=\"F j, Y\" data-attr-date-format-select=\"F j, Y\" data-attr-show-time=\"0\" data-attr-time-format=\"\" data-attr-time-format-select=\"g:i a\" data-attr-type=\"published\" data-shortcode=\"tcb_post_published_date\" data-shortcode-name=\"Post date\" style=\"\">July 3, 2023 <\/span><\/p>\n<h2 style=\"\"><span data-attr-link=\"0\" data-attr-rel=\"0\" data-attr-target=\"0\" data-extra_key=\"\" data-option-inline=\"1\" data-shortcode=\"tcb_post_title\" data-shortcode-name=\"Post title\">Rogelio Martinez CEO de Fast Cloud present\u00f3 los Decentralized Autonomous Organizations, DAOs en La Gran Transformaci\u00f3n<\/span> <\/h2>\n<p> <a href=\"https:\/\/www.fastcloudconsulting.com\/es\/rogelio-martinez-ceo-de-fast-cloud-presento-los-decentralized-autonomous-organizations-daos-en-la-gran-transformacion\/\" style=\"\"><span><span style=\"\"><strong>Ver m\u00e1s<\/strong><\/span><\/span><\/a><a href=\"https:\/\/www.fastcloudconsulting.com\/es\/rogelio-martinez-ceo-de-fast-cloud-presento-su-conferencia-daos-para-eo-colombia-en-bogota\/\" data-type-url=\"post_url\" data-type-display=\"default_image\" data-size=\"full\" data-post_id=\"1083\" data-title=\"post_title\"><img width=\"1280\" height=\"720\" data-src=\"https:\/\/www.fastcloudconsulting.com\/es\/wp-content\/uploads\/2023\/07\/Rogelio_Ivon.jpeg\" alt=\"\" decoding=\"async\" data-srcset=\"https:\/\/www.fastcloudconsulting.com\/es\/wp-content\/uploads\/2023\/07\/Rogelio_Ivon.jpeg 1280w, https:\/\/www.fastcloudconsulting.com\/es\/wp-content\/uploads\/2023\/07\/Rogelio_Ivon-600x338.jpeg 600w, https:\/\/www.fastcloudconsulting.com\/es\/wp-content\/uploads\/2023\/07\/Rogelio_Ivon-300x169.jpeg 300w, https:\/\/www.fastcloudconsulting.com\/es\/wp-content\/uploads\/2023\/07\/Rogelio_Ivon-1024x576.jpeg 1024w, https:\/\/www.fastcloudconsulting.com\/es\/wp-content\/uploads\/2023\/07\/Rogelio_Ivon-768x432.jpeg 768w, https:\/\/www.fastcloudconsulting.com\/es\/wp-content\/uploads\/2023\/07\/Rogelio_Ivon-18x10.jpeg 18w\" data-sizes=\"auto, (max-width: 1280px) 100vw, 1280px\" src=\"data:image\/svg+xml;base64,PHN2ZyB3aWR0aD0iMSIgaGVpZ2h0PSIxIiB4bWxucz0iaHR0cDovL3d3dy53My5vcmcvMjAwMC9zdmciPjwvc3ZnPg==\" class=\"lazyload\" style=\"--smush-placeholder-width: 1280px; --smush-placeholder-aspect-ratio: 1280\/720;\" \/><\/a><span data-extra_key=\"\" data-option-inline=\"1\" data-attr-date-format=\"F j, Y\" data-attr-date-format-select=\"F j, Y\" data-attr-show-time=\"0\" data-attr-time-format=\"\" data-attr-time-format-select=\"g:i a\" data-attr-type=\"published\" data-shortcode=\"tcb_post_published_date\" data-shortcode-name=\"Post date\" style=\"\">July 3, 2023 <\/span><\/p>\n<h2 style=\"\"><span data-attr-link=\"0\" data-attr-rel=\"0\" data-attr-target=\"0\" data-extra_key=\"\" data-option-inline=\"1\" data-shortcode=\"tcb_post_title\" data-shortcode-name=\"Post title\">Rogelio Martinez CEO de Fast Cloud Present\u00f3 su conferencia DAOS para EO Colombia en Bogota<\/span> <\/h2>\n<p> <a href=\"https:\/\/www.fastcloudconsulting.com\/es\/rogelio-martinez-ceo-de-fast-cloud-presento-su-conferencia-daos-para-eo-colombia-en-bogota\/\" style=\"\"><span><span style=\"\"><strong>Ver m\u00e1s<\/strong><\/span><\/span><\/a><a href=\"https:\/\/www.fastcloudconsulting.com\/es\/dreamforce-2022-un-espacio-para-nuevos-comienzos\/\" data-type-url=\"post_url\" data-type-display=\"default_image\" data-size=\"full\" data-post_id=\"1077\" data-title=\"post_title\"><img width=\"1200\" height=\"675\" data-src=\"https:\/\/www.fastcloudconsulting.com\/es\/wp-content\/uploads\/2023\/07\/Dreamforce.webp\" alt=\"\" decoding=\"async\" data-srcset=\"https:\/\/www.fastcloudconsulting.com\/es\/wp-content\/uploads\/2023\/07\/Dreamforce.webp 1200w, https:\/\/www.fastcloudconsulting.com\/es\/wp-content\/uploads\/2023\/07\/Dreamforce-600x338.webp 600w, https:\/\/www.fastcloudconsulting.com\/es\/wp-content\/uploads\/2023\/07\/Dreamforce-300x169.webp 300w, https:\/\/www.fastcloudconsulting.com\/es\/wp-content\/uploads\/2023\/07\/Dreamforce-1024x576.webp 1024w, https:\/\/www.fastcloudconsulting.com\/es\/wp-content\/uploads\/2023\/07\/Dreamforce-768x432.webp 768w, https:\/\/www.fastcloudconsulting.com\/es\/wp-content\/uploads\/2023\/07\/Dreamforce-18x10.webp 18w\" data-sizes=\"auto, (max-width: 1200px) 100vw, 1200px\" src=\"data:image\/svg+xml;base64,PHN2ZyB3aWR0aD0iMSIgaGVpZ2h0PSIxIiB4bWxucz0iaHR0cDovL3d3dy53My5vcmcvMjAwMC9zdmciPjwvc3ZnPg==\" class=\"lazyload\" style=\"--smush-placeholder-width: 1200px; --smush-placeholder-aspect-ratio: 1200\/675;\" \/><\/a><span data-extra_key=\"\" data-option-inline=\"1\" data-attr-date-format=\"F j, Y\" data-attr-date-format-select=\"F j, Y\" data-attr-show-time=\"0\" data-attr-time-format=\"\" data-attr-time-format-select=\"g:i a\" data-attr-type=\"published\" data-shortcode=\"tcb_post_published_date\" data-shortcode-name=\"Post date\" style=\"\">July 3, 2023 <\/span><\/p>\n<h2 style=\"\"><span data-attr-link=\"0\" data-attr-rel=\"0\" data-attr-target=\"0\" data-extra_key=\"\" data-option-inline=\"1\" data-shortcode=\"tcb_post_title\" data-shortcode-name=\"Post title\">Dreamforce 2022, un espacio para nuevos comienzos<\/span> <\/h2>\n<p> <a href=\"https:\/\/www.fastcloudconsulting.com\/es\/dreamforce-2022-un-espacio-para-nuevos-comienzos\/\" style=\"\"><span><span style=\"\"><strong>Ver m\u00e1s<\/strong><\/span><\/span><\/a><a href=\"https:\/\/www.fastcloudconsulting.com\/es\/einstein-tableau-comprendiendo-los-datos-de-una-manera-mas-rapida-y-sencilla\/\" data-type-url=\"post_url\" data-type-display=\"default_image\" data-size=\"full\" data-post_id=\"1069\" data-title=\"post_title\"><img width=\"640\" height=\"360\" data-src=\"https:\/\/www.fastcloudconsulting.com\/es\/wp-content\/uploads\/2023\/07\/Tableau_webinar.jpeg\" alt=\"\" decoding=\"async\" data-srcset=\"https:\/\/www.fastcloudconsulting.com\/es\/wp-content\/uploads\/2023\/07\/Tableau_webinar.jpeg 640w, https:\/\/www.fastcloudconsulting.com\/es\/wp-content\/uploads\/2023\/07\/Tableau_webinar-600x338.jpeg 600w, https:\/\/www.fastcloudconsulting.com\/es\/wp-content\/uploads\/2023\/07\/Tableau_webinar-300x169.jpeg 300w, https:\/\/www.fastcloudconsulting.com\/es\/wp-content\/uploads\/2023\/07\/Tableau_webinar-18x10.jpeg 18w\" data-sizes=\"auto, (max-width: 640px) 100vw, 640px\" src=\"data:image\/svg+xml;base64,PHN2ZyB3aWR0aD0iMSIgaGVpZ2h0PSIxIiB4bWxucz0iaHR0cDovL3d3dy53My5vcmcvMjAwMC9zdmciPjwvc3ZnPg==\" class=\"lazyload\" style=\"--smush-placeholder-width: 640px; --smush-placeholder-aspect-ratio: 640\/360;\" \/><\/a><span data-extra_key=\"\" data-option-inline=\"1\" data-attr-date-format=\"F j, Y\" data-attr-date-format-select=\"F j, Y\" data-attr-show-time=\"0\" data-attr-time-format=\"\" data-attr-time-format-select=\"g:i a\" data-attr-type=\"published\" data-shortcode=\"tcb_post_published_date\" data-shortcode-name=\"Post date\" style=\"\">July 3, 2023 <\/span><\/p>\n<h2 style=\"\"><span data-attr-link=\"0\" data-attr-rel=\"0\" data-attr-target=\"0\" data-extra_key=\"\" data-option-inline=\"1\" data-shortcode=\"tcb_post_title\" data-shortcode-name=\"Post title\">Einstein + Tableau comprendiendo los datos de una manera m\u00e1s r\u00e1pida y sencilla<\/span> <\/h2>\n<p> <a href=\"https:\/\/www.fastcloudconsulting.com\/es\/einstein-tableau-comprendiendo-los-datos-de-una-manera-mas-rapida-y-sencilla\/\" style=\"\"><span><span style=\"\"><strong>Ver m\u00e1s<\/strong><\/span><\/span><\/a><a href=\"https:\/\/www.fastcloudconsulting.com\/es\/garantiza-el-crecimiento-de-tu-empresa-con-salesforce\/\" data-type-url=\"post_url\" data-type-display=\"default_image\" data-size=\"full\" data-post_id=\"1063\" data-title=\"post_title\"><img width=\"640\" height=\"427\" data-src=\"https:\/\/www.fastcloudconsulting.com\/es\/wp-content\/uploads\/2023\/07\/cata-tequila.jpeg\" alt=\"\" decoding=\"async\" data-srcset=\"https:\/\/www.fastcloudconsulting.com\/es\/wp-content\/uploads\/2023\/07\/cata-tequila.jpeg 640w, https:\/\/www.fastcloudconsulting.com\/es\/wp-content\/uploads\/2023\/07\/cata-tequila-600x400.jpeg 600w, https:\/\/www.fastcloudconsulting.com\/es\/wp-content\/uploads\/2023\/07\/cata-tequila-300x200.jpeg 300w, https:\/\/www.fastcloudconsulting.com\/es\/wp-content\/uploads\/2023\/07\/cata-tequila-18x12.jpeg 18w\" data-sizes=\"auto, (max-width: 640px) 100vw, 640px\" src=\"data:image\/svg+xml;base64,PHN2ZyB3aWR0aD0iMSIgaGVpZ2h0PSIxIiB4bWxucz0iaHR0cDovL3d3dy53My5vcmcvMjAwMC9zdmciPjwvc3ZnPg==\" class=\"lazyload\" style=\"--smush-placeholder-width: 640px; --smush-placeholder-aspect-ratio: 640\/427;\" \/><\/a><span data-extra_key=\"\" data-option-inline=\"1\" data-attr-date-format=\"F j, Y\" data-attr-date-format-select=\"F j, Y\" data-attr-show-time=\"0\" data-attr-time-format=\"\" data-attr-time-format-select=\"g:i a\" data-attr-type=\"published\" data-shortcode=\"tcb_post_published_date\" data-shortcode-name=\"Post date\" style=\"\">July 3, 2023 <\/span><\/p>\n<h2 style=\"\"><span data-attr-link=\"0\" data-attr-rel=\"0\" data-attr-target=\"0\" data-extra_key=\"\" data-option-inline=\"1\" data-shortcode=\"tcb_post_title\" data-shortcode-name=\"Post title\">Garantiza el crecimiento de tu empresa con Salesforce<\/span> <\/h2>\n<p> <a href=\"https:\/\/www.fastcloudconsulting.com\/es\/garantiza-el-crecimiento-de-tu-empresa-con-salesforce\/\" style=\"\"><span><span style=\"\"><strong>Ver m\u00e1s<\/strong><\/span><\/span><\/a><a href=\"https:\/\/www.fastcloudconsulting.com\/es\/el-mas-admirado-hombre-de-negocios-compartio-con-nuestro-ceo-rogelio-martinez-su-vision-de-centro-america\/\" data-type-url=\"post_url\" data-type-display=\"default_image\" data-size=\"full\" data-post_id=\"1047\" data-title=\"post_title\"><img width=\"640\" height=\"400\" data-src=\"https:\/\/www.fastcloudconsulting.com\/es\/wp-content\/uploads\/2023\/07\/Francis_Durman_EO_Rogelio_MArtinez.jpeg\" alt=\"\" decoding=\"async\" data-srcset=\"https:\/\/www.fastcloudconsulting.com\/es\/wp-content\/uploads\/2023\/07\/Francis_Durman_EO_Rogelio_MArtinez.jpeg 640w, https:\/\/www.fastcloudconsulting.com\/es\/wp-content\/uploads\/2023\/07\/Francis_Durman_EO_Rogelio_MArtinez-600x375.jpeg 600w, https:\/\/www.fastcloudconsulting.com\/es\/wp-content\/uploads\/2023\/07\/Francis_Durman_EO_Rogelio_MArtinez-300x188.jpeg 300w, https:\/\/www.fastcloudconsulting.com\/es\/wp-content\/uploads\/2023\/07\/Francis_Durman_EO_Rogelio_MArtinez-18x12.jpeg 18w\" data-sizes=\"auto, (max-width: 640px) 100vw, 640px\" src=\"data:image\/svg+xml;base64,PHN2ZyB3aWR0aD0iMSIgaGVpZ2h0PSIxIiB4bWxucz0iaHR0cDovL3d3dy53My5vcmcvMjAwMC9zdmciPjwvc3ZnPg==\" class=\"lazyload\" style=\"--smush-placeholder-width: 640px; --smush-placeholder-aspect-ratio: 640\/400;\" \/><\/a><span data-extra_key=\"\" data-option-inline=\"1\" data-attr-date-format=\"F j, Y\" data-attr-date-format-select=\"F j, Y\" data-attr-show-time=\"0\" data-attr-time-format=\"\" data-attr-time-format-select=\"g:i a\" data-attr-type=\"published\" data-shortcode=\"tcb_post_published_date\" data-shortcode-name=\"Post date\" style=\"\">July 3, 2023 <\/span><\/p>\n<h2 style=\"\"><span data-attr-link=\"0\" data-attr-rel=\"0\" data-attr-target=\"0\" data-extra_key=\"\" data-option-inline=\"1\" data-shortcode=\"tcb_post_title\" data-shortcode-name=\"Post title\">El m\u00e1s admirado hombre de negocios comparti\u00f3 con nuestro CEO Rogelio Martinez su vision de Centro Am\u00e9rica<\/span> <\/h2>\n<p> <a href=\"https:\/\/www.fastcloudconsulting.com\/es\/el-mas-admirado-hombre-de-negocios-compartio-con-nuestro-ceo-rogelio-martinez-su-vision-de-centro-america\/\" style=\"\"><span><span style=\"\"><strong>Ver m\u00e1s<\/strong><\/span><\/span><\/a><\/p>\n<h2 style=\"\"><strong>Tambi\u00e9n, puedes visitar nuestro blog:<\/strong>&nbsp;<\/h2>\n<p> <a href=\"https:\/\/www.fastcloudconsulting.com\/es\/como-los-chatbots-estan-cambiando-las-experiencias-de-los-clientes\/\" dynamic-postlink=\"tcb_post_the_permalink\" data-shortcode-id=\"530\">   <\/a><\/p>\n<h2 style=\"\"><span data-shortcode=\"tcb_post_title\" data-shortcode-name=\"Post title\" data-extra_key=\"\" data-attr-link=\"1\" data-attr-target=\"0\" data-attr-rel=\"0\" data-option-inline=\"1\" style=\"\" data-attr-css=\"tve-u-1891daee9fe\" data-attr-static-link=\"{&quot;className&quot;:&quot;&quot;,&quot;href&quot;:&quot;https:\/\/www.fastcloudconsulting.com\/es\/es\/como-los-chatbots-estan-cambiando-las-experiencias-de-los-clientes\/&quot;,&quot;title&quot;:&quot;C\u00f3mo los chatbots est\u00e1n cambiando las experiencias de los clientes&quot;,&quot;data-css&quot;:&quot;tve-u-1891daee9fe&quot;,&quot;class&quot;:&quot;&quot;}\"><a href=\"https:\/\/www.fastcloudconsulting.com\/es\/como-los-chatbots-estan-cambiando-las-experiencias-de-los-clientes\/\" title=\"C\u00f3mo los chatbots est\u00e1n cambiando las experiencias de los clientes\">C\u00f3mo los chatbots est\u00e1n cambiando las experiencias de los clientes<\/a><\/span><\/h2>\n<p>  <a href=\"https:\/\/www.fastcloudconsulting.com\/es\/dia-mundial-de-la-salud\/\" dynamic-postlink=\"tcb_post_the_permalink\" data-shortcode-id=\"530\">   <\/a><\/p>\n<h2 style=\"\"><span data-shortcode=\"tcb_post_title\" data-shortcode-name=\"Post title\" data-extra_key=\"\" data-attr-link=\"1\" data-attr-target=\"0\" data-attr-rel=\"0\" data-option-inline=\"1\" style=\"\" data-attr-css=\"tve-u-1891daee9fe\" data-attr-static-link=\"{&quot;className&quot;:&quot;&quot;,&quot;href&quot;:&quot;https:\/\/www.fastcloudconsulting.com\/es\/es\/como-los-chatbots-estan-cambiando-las-experiencias-de-los-clientes\/&quot;,&quot;title&quot;:&quot;C\u00f3mo los chatbots est\u00e1n cambiando las experiencias de los clientes&quot;,&quot;data-css&quot;:&quot;tve-u-1891daee9fe&quot;,&quot;class&quot;:&quot;&quot;}\"><a href=\"https:\/\/www.fastcloudconsulting.com\/es\/dia-mundial-de-la-salud\/\" title=\"D\u00eda mundial de la salud\">D\u00eda mundial de la salud<\/a><\/span><\/h2>\n<p>  <a href=\"https:\/\/www.fastcloudconsulting.com\/es\/todos-los-dias-es-el-dia-de-la-tierra-pero-por-que-se-celebra-el-22-de-abril\/\" dynamic-postlink=\"tcb_post_the_permalink\" data-shortcode-id=\"530\">   <\/a><\/p>\n<h2 style=\"\"><span data-shortcode=\"tcb_post_title\" data-shortcode-name=\"Post title\" data-extra_key=\"\" data-attr-link=\"1\" data-attr-target=\"0\" data-attr-rel=\"0\" data-option-inline=\"1\" style=\"\" data-attr-css=\"tve-u-1891daee9fe\" data-attr-static-link=\"{&quot;className&quot;:&quot;&quot;,&quot;href&quot;:&quot;https:\/\/www.fastcloudconsulting.com\/es\/es\/como-los-chatbots-estan-cambiando-las-experiencias-de-los-clientes\/&quot;,&quot;title&quot;:&quot;C\u00f3mo los chatbots est\u00e1n cambiando las experiencias de los clientes&quot;,&quot;data-css&quot;:&quot;tve-u-1891daee9fe&quot;,&quot;class&quot;:&quot;&quot;}\"><a href=\"https:\/\/www.fastcloudconsulting.com\/es\/todos-los-dias-es-el-dia-de-la-tierra-pero-por-que-se-celebra-el-22-de-abril\/\" title=\"Todos los d\u00edas es el D\u00eda de la Tierra, pero \u00bfPor qu\u00e9 se celebra el 22 de abril?\">Todos los d\u00edas es el D\u00eda de la Tierra, pero \u00bfPor qu\u00e9 se celebra el 22 de abril?<\/a><\/span><\/h2>\n<p>  <a href=\"https:\/\/www.fastcloudconsulting.com\/es\/por-que-la-musica-esta-relacionada-con-las-nft\/\" dynamic-postlink=\"tcb_post_the_permalink\" data-shortcode-id=\"530\">   <\/a><\/p>\n<h2 style=\"\"><span data-shortcode=\"tcb_post_title\" data-shortcode-name=\"Post title\" data-extra_key=\"\" data-attr-link=\"1\" data-attr-target=\"0\" data-attr-rel=\"0\" data-option-inline=\"1\" style=\"\" data-attr-css=\"tve-u-1891daee9fe\" data-attr-static-link=\"{&quot;className&quot;:&quot;&quot;,&quot;href&quot;:&quot;https:\/\/www.fastcloudconsulting.com\/es\/es\/como-los-chatbots-estan-cambiando-las-experiencias-de-los-clientes\/&quot;,&quot;title&quot;:&quot;C\u00f3mo los chatbots est\u00e1n cambiando las experiencias de los clientes&quot;,&quot;data-css&quot;:&quot;tve-u-1891daee9fe&quot;,&quot;class&quot;:&quot;&quot;}\"><a href=\"https:\/\/www.fastcloudconsulting.com\/es\/por-que-la-musica-esta-relacionada-con-las-nft\/\" title=\"\u00bfPor qu\u00e9 la m\u00fasica est\u00e1 relacionada con las NFTs?\">\u00bfPor qu\u00e9 la m\u00fasica est\u00e1 relacionada con las NFTs?<\/a><\/span><\/h2>\n<p> <span><img decoding=\"async\" alt=\"\" data-id=\"143\" width=\"137\" data-init-width=\"137\" height=\"137\" data-init-height=\"137\" title=\"Elipse 154\" data-src=\"https:\/\/www.fastcloudconsulting.com\/es\/wp-content\/uploads\/2022\/11\/Elipse-154.png\" data-width=\"137\" data-height=\"137\" style=\"--smush-placeholder-width: 137px; --smush-placeholder-aspect-ratio: 137\/137;aspect-ratio: auto 137 \/ 137;\" src=\"data:image\/svg+xml;base64,PHN2ZyB3aWR0aD0iMSIgaGVpZ2h0PSIxIiB4bWxucz0iaHR0cDovL3d3dy53My5vcmcvMjAwMC9zdmciPjwvc3ZnPg==\" class=\"lazyload\"><\/span><span><img decoding=\"async\" alt=\"\" data-id=\"150\" width=\"354\" data-init-width=\"354\" height=\"354\" data-init-height=\"354\" title=\"Trazado 817\" data-src=\"https:\/\/www.fastcloudconsulting.com\/es\/wp-content\/uploads\/2022\/11\/Trazado-817.png\" data-width=\"354\" data-height=\"354\" style=\"--smush-placeholder-width: 354px; --smush-placeholder-aspect-ratio: 354\/354;aspect-ratio: auto 354 \/ 354;\" src=\"data:image\/svg+xml;base64,PHN2ZyB3aWR0aD0iMSIgaGVpZ2h0PSIxIiB4bWxucz0iaHR0cDovL3d3dy53My5vcmcvMjAwMC9zdmciPjwvc3ZnPg==\" class=\"lazyload\"><\/span><\/p>\n","protected":false},"excerpt":{"rendered":"<p>Noticias July 3, 2023 Rogelio Martinez CEO de Fast Cloud present\u00f3 los Decentralized Autonomous Organizations, DAOs en La Gran Transformaci\u00f3n Ver m\u00e1sJuly 3, 2023 Rogelio Martinez CEO de Fast Cloud Present\u00f3 su conferencia DAOS para EO Colombia en Bogota Ver m\u00e1sJuly 3, 2023 Dreamforce 2022, un espacio para nuevos comienzos Ver m\u00e1sJuly 3, 2023 Einstein [&hellip;]<\/p>\n","protected":false},"author":1,"featured_media":0,"parent":0,"menu_order":0,"comment_status":"closed","ping_status":"closed","template":"","meta":{"footnotes":""},"class_list":["post-294","page","type-page","status-publish","hentry","post-wrapper","thrv_wrapper"],"_links":{"self":[{"href":"https:\/\/www.fastcloudconsulting.com\/es\/wp-json\/wp\/v2\/pages\/294","targetHints":{"allow":["GET"]}}],"collection":[{"href":"https:\/\/www.fastcloudconsulting.com\/es\/wp-json\/wp\/v2\/pages"}],"about":[{"href":"https:\/\/www.fastcloudconsulting.com\/es\/wp-json\/wp\/v2\/types\/page"}],"author":[{"embeddable":true,"href":"https:\/\/www.fastcloudconsulting.com\/es\/wp-json\/wp\/v2\/users\/1"}],"replies":[{"embeddable":true,"href":"https:\/\/www.fastcloudconsulting.com\/es\/wp-json\/wp\/v2\/comments?post=294"}],"version-history":[{"count":19,"href":"https:\/\/www.fastcloudconsulting.com\/es\/wp-json\/wp\/v2\/pages\/294\/revisions"}],"predecessor-version":[{"id":1219,"href":"https:\/\/www.fastcloudconsulting.com\/es\/wp-json\/wp\/v2\/pages\/294\/revisions\/1219"}],"wp:attachment":[{"href":"https:\/\/www.fastcloudconsulting.com\/es\/wp-json\/wp\/v2\/media?parent=294"}],"curies":[{"name":"wp","href":"https:\/\/api.w.org\/{rel}","templated":true}]}}