{"id":320,"date":"2022-11-22T23:39:39","date_gmt":"2022-11-22T23:39:39","guid":{"rendered":"https:\/\/www.fastcloudconsulting.com\/es\/?page_id=320"},"modified":"2025-05-21T18:10:01","modified_gmt":"2025-05-22T00:10:01","slug":"contacto","status":"publish","type":"page","link":"https:\/\/www.fastcloudconsulting.com\/es\/contacto\/","title":{"rendered":"Contacto"},"content":{"rendered":"<p style=\"text-align: left;\">Contacto<\/p>\n<p><span><img decoding=\"async\" alt=\"\" data-id=\"150\" width=\"354\" data-init-width=\"354\" height=\"354\" data-init-height=\"354\" title=\"Trazado 817\" data-src=\"https:\/\/www.fastcloudconsulting.com\/es\/wp-content\/uploads\/2022\/11\/Trazado-817.png\" data-width=\"354\" data-height=\"354\" style=\"--smush-placeholder-width: 354px; --smush-placeholder-aspect-ratio: 354\/354;aspect-ratio: auto 354 \/ 354;\" src=\"data:image\/svg+xml;base64,PHN2ZyB3aWR0aD0iMSIgaGVpZ2h0PSIxIiB4bWxucz0iaHR0cDovL3d3dy53My5vcmcvMjAwMC9zdmciPjwvc3ZnPg==\" class=\"lazyload\"><\/span><span><img decoding=\"async\" alt=\"\" data-id=\"143\" width=\"137\" data-init-width=\"137\" height=\"137\" data-init-height=\"137\" title=\"Elipse 154\" data-src=\"https:\/\/www.fastcloudconsulting.com\/es\/wp-content\/uploads\/2022\/11\/Elipse-154.png\" data-width=\"137\" data-height=\"137\" style=\"--smush-placeholder-width: 137px; --smush-placeholder-aspect-ratio: 137\/137;aspect-ratio: auto 137 \/ 137;\" src=\"data:image\/svg+xml;base64,PHN2ZyB3aWR0aD0iMSIgaGVpZ2h0PSIxIiB4bWxucz0iaHR0cDovL3d3dy53My5vcmcvMjAwMC9zdmciPjwvc3ZnPg==\" class=\"lazyload\"><\/span><\/p>\n<ul>\n<li style=\"\"><span style=\"\">Ubicaci\u00f3n de oficinas globales<\/span><\/li>\n<\/ul>\n<p style=\"\"><span>Localizaci\u00f3n<\/span><span>1395 Brickell Ave. Suite 800,Miami, FL, USA, 33131.<\/span><\/p>\n<p style=\"\"><span>Tel\u00e9fonos<\/span><span>US\/Canad\u00e1: +1 (877) CRM-6466Inglaterra: +44 (020) 3743-3276M\u00e9xico: +52 (55) 6599-0070<\/span><\/p>\n<p style=\"\"><span>Costa Rica: +506 4101-2140Colombia: +57 (601) 5802695Internacional: +1 (305) 676-2472<\/span><\/p>\n<p><!--start contact form-->            <!--end contact form--><!-- Script to dynamically resize iframe -->[tcb-script] window.addEventListener(\u00abmessage\u00bb, function(event) {   if (event.data &amp;&amp; event.data.pardotFormHeight) {     const iframe = document.getElementById(\u00abpardot-form-iframe\u00bb);     if (iframe) {       iframe.style.height = event.data.pardotFormHeight + \u00abpx\u00bb;     }   } });[\/tcb-script]<!--  --><span><img decoding=\"async\" alt=\"\" data-id=\"143\" width=\"137\" data-init-width=\"137\" height=\"137\" data-init-height=\"137\" title=\"Elipse 154\" data-src=\"https:\/\/www.fastcloudconsulting.com\/es\/wp-content\/uploads\/2022\/11\/Elipse-154.png\" data-width=\"137\" data-height=\"137\" style=\"--smush-placeholder-width: 137px; --smush-placeholder-aspect-ratio: 137\/137;aspect-ratio: auto 137 \/ 137;\" src=\"data:image\/svg+xml;base64,PHN2ZyB3aWR0aD0iMSIgaGVpZ2h0PSIxIiB4bWxucz0iaHR0cDovL3d3dy53My5vcmcvMjAwMC9zdmciPjwvc3ZnPg==\" class=\"lazyload\"><\/span><span><img decoding=\"async\" alt=\"\" data-id=\"150\" width=\"354\" data-init-width=\"354\" height=\"354\" data-init-height=\"354\" title=\"Trazado 817\" data-src=\"https:\/\/www.fastcloudconsulting.com\/es\/wp-content\/uploads\/2022\/11\/Trazado-817.png\" data-width=\"354\" data-height=\"354\" style=\"--smush-placeholder-width: 354px; --smush-placeholder-aspect-ratio: 354\/354;aspect-ratio: auto 354 \/ 354;\" src=\"data:image\/svg+xml;base64,PHN2ZyB3aWR0aD0iMSIgaGVpZ2h0PSIxIiB4bWxucz0iaHR0cDovL3d3dy53My5vcmcvMjAwMC9zdmciPjwvc3ZnPg==\" class=\"lazyload\"><\/span><\/p>\n","protected":false},"excerpt":{"rendered":"<p>Contacto Ubicaci\u00f3n de oficinas globales Localizaci\u00f3n1395 Brickell Ave. Suite 800,Miami, FL, USA, 33131. Tel\u00e9fonosUS\/Canad\u00e1: +1 (877) CRM-6466Inglaterra: +44 (020) 3743-3276M\u00e9xico: +52 (55) 6599-0070 Costa Rica: +506 4101-2140Colombia: +57 (601) 5802695Internacional: +1 (305) 676-2472 [tcb-script] window.addEventListener(\u00abmessage\u00bb, function(event) { if (event.data &amp;&amp; event.data.pardotFormHeight) { const iframe = document.getElementById(\u00abpardot-form-iframe\u00bb); if (iframe) { iframe.style.height = event.data.pardotFormHeight + \u00abpx\u00bb; } [&hellip;]<\/p>\n","protected":false},"author":1,"featured_media":0,"parent":0,"menu_order":0,"comment_status":"closed","ping_status":"closed","template":"","meta":{"footnotes":""},"class_list":["post-320","page","type-page","status-publish","hentry","post-wrapper","thrv_wrapper"],"_links":{"self":[{"href":"https:\/\/www.fastcloudconsulting.com\/es\/wp-json\/wp\/v2\/pages\/320","targetHints":{"allow":["GET"]}}],"collection":[{"href":"https:\/\/www.fastcloudconsulting.com\/es\/wp-json\/wp\/v2\/pages"}],"about":[{"href":"https:\/\/www.fastcloudconsulting.com\/es\/wp-json\/wp\/v2\/types\/page"}],"author":[{"embeddable":true,"href":"https:\/\/www.fastcloudconsulting.com\/es\/wp-json\/wp\/v2\/users\/1"}],"replies":[{"embeddable":true,"href":"https:\/\/www.fastcloudconsulting.com\/es\/wp-json\/wp\/v2\/comments?post=320"}],"version-history":[{"count":41,"href":"https:\/\/www.fastcloudconsulting.com\/es\/wp-json\/wp\/v2\/pages\/320\/revisions"}],"predecessor-version":[{"id":1848,"href":"https:\/\/www.fastcloudconsulting.com\/es\/wp-json\/wp\/v2\/pages\/320\/revisions\/1848"}],"wp:attachment":[{"href":"https:\/\/www.fastcloudconsulting.com\/es\/wp-json\/wp\/v2\/media?parent=320"}],"curies":[{"name":"wp","href":"https:\/\/api.w.org\/{rel}","templated":true}]}}