{"id":383,"date":"2023-03-23T17:15:40","date_gmt":"2023-03-23T17:15:40","guid":{"rendered":"https:\/\/www.fastcloudconsulting.com\/es\/?page_id=383"},"modified":"2023-07-01T00:00:15","modified_gmt":"2023-07-01T00:00:15","slug":"community-cloud","status":"publish","type":"page","link":"https:\/\/www.fastcloudconsulting.com\/es\/community-cloud\/","title":{"rendered":"Community Cloud"},"content":{"rendered":"<p style=\"\">Community Cloud<\/p>\n<p style=\"\">Community Cloud<\/p>\n<p style=\"\"><strong>Empodere a los clientes, los socios y los empleados para enfrentar cualquier reto, en cualquier lugar, gracias a una plataforma de colaboraci\u00f3n en l\u00ednea. <\/strong><\/p>\n<p style=\"\">\n<p style=\"\">Construya comunidades a su medida&nbsp;<\/p>\n<p style=\"\">Proporcione un servicio al cliente estelar<\/p>\n<p style=\"\">Conecte a sus clientes<\/p>\n<p style=\"\">Acelere sus ventas por canales<\/p>\n<p style=\"\">Aumente la productividad de sus empleados<\/p>\n<p><strong>Caso de \u00e9xito<\/strong><\/p>\n<p style=\"\">\u00abSalesforce es una soluci\u00f3n que se ajusta a cualquier necesidad. Con ella puedes alcanzar a desarrollar o configurar todo lo que est\u00e9 al alcance de tu imaginaci\u00f3n.\u00bb<\/p>\n<p style=\"\">\n<p style=\"\">Lic. Laura Palma Parga<\/p>\n<p style=\"\">Directora General de Inteligencia Urbana<\/p>\n<p style=\"\">Las historias de \u00e9xito mostradas son clientes de Salesforce.com, pero no necesariamente de Fast Cloud Consulting.<\/p>\n<p style=\"\">Descripci\u00f3n<\/p>\n<p>Aproveche el poder de las redes sociales y los dispositivos m\u00f3viles para crear comunidades en l\u00ednea ricas y atrayentes. Cree relaciones con los clientes m\u00e1s profundas. Impulse la productividad y la innovaci\u00f3n de los empleados. Empodere a los revendedores, socios y distribuidores para que cierren acuerdos con mayor rapidez.<\/p>\n","protected":false},"excerpt":{"rendered":"<p>Community Cloud Community Cloud Empodere a los clientes, los socios y los empleados para enfrentar cualquier reto, en cualquier lugar, gracias a una plataforma de colaboraci\u00f3n en l\u00ednea. Construya comunidades a su medida&nbsp; Proporcione un servicio al cliente estelar Conecte a sus clientes Acelere sus ventas por canales Aumente la productividad de sus empleados Caso [&hellip;]<\/p>\n","protected":false},"author":1,"featured_media":0,"parent":0,"menu_order":0,"comment_status":"closed","ping_status":"closed","template":"","meta":{"footnotes":""},"class_list":["post-383","page","type-page","status-publish","hentry","post-wrapper","thrv_wrapper"],"_links":{"self":[{"href":"https:\/\/www.fastcloudconsulting.com\/es\/wp-json\/wp\/v2\/pages\/383","targetHints":{"allow":["GET"]}}],"collection":[{"href":"https:\/\/www.fastcloudconsulting.com\/es\/wp-json\/wp\/v2\/pages"}],"about":[{"href":"https:\/\/www.fastcloudconsulting.com\/es\/wp-json\/wp\/v2\/types\/page"}],"author":[{"embeddable":true,"href":"https:\/\/www.fastcloudconsulting.com\/es\/wp-json\/wp\/v2\/users\/1"}],"replies":[{"embeddable":true,"href":"https:\/\/www.fastcloudconsulting.com\/es\/wp-json\/wp\/v2\/comments?post=383"}],"version-history":[{"count":23,"href":"https:\/\/www.fastcloudconsulting.com\/es\/wp-json\/wp\/v2\/pages\/383\/revisions"}],"predecessor-version":[{"id":1006,"href":"https:\/\/www.fastcloudconsulting.com\/es\/wp-json\/wp\/v2\/pages\/383\/revisions\/1006"}],"wp:attachment":[{"href":"https:\/\/www.fastcloudconsulting.com\/es\/wp-json\/wp\/v2\/media?parent=383"}],"curies":[{"name":"wp","href":"https:\/\/api.w.org\/{rel}","templated":true}]}}