{"id":395,"date":"2023-03-23T21:25:39","date_gmt":"2023-03-23T21:25:39","guid":{"rendered":"https:\/\/www.fastcloudconsulting.com\/es\/?page_id=395"},"modified":"2024-01-22T17:08:31","modified_gmt":"2024-01-22T23:08:31","slug":"service-cloud","status":"publish","type":"page","link":"https:\/\/www.fastcloudconsulting.com\/es\/service-cloud\/","title":{"rendered":"Service cloud"},"content":{"rendered":"<p style=\"\">Service Cloud<\/p>\n<p style=\"\">Service Cloud<\/p>\n<p style=\"\"><strong>Dele a sus clientes la atenci\u00f3n que merecen con un servicio m\u00e1s r\u00e1pido y m\u00e1s inteligente.<\/strong><\/p>\n<p style=\"\"><strong><\/strong><\/p>\n<p style=\"\">Cierre casos m\u00e1s r\u00e1pido<\/p>\n<p style=\"\">Proporcione sistemas de auto-servicio inteligentes<\/p>\n<p style=\"\">Personalice la atenci\u00f3n al cliente<\/p>\n<p style=\"\">Provea soporte desde cualquier lugar<\/p>\n<p><span><img decoding=\"async\" alt=\"\" data-id=\"416\" width=\"533\" data-init-width=\"600\" height=\"320\" data-init-height=\"360\" title=\"fast-cloud-cons\" data-src=\"https:\/\/www.fastcloudconsulting.com\/es\/wp-content\/uploads\/2023\/03\/fast-cloud-cons.png.webp\" data-width=\"533\" style=\"--smush-placeholder-width: 533px; --smush-placeholder-aspect-ratio: 533\/320;aspect-ratio: auto 600 \/ 360;\" data-height=\"320\" src=\"data:image\/svg+xml;base64,PHN2ZyB3aWR0aD0iMSIgaGVpZ2h0PSIxIiB4bWxucz0iaHR0cDovL3d3dy53My5vcmcvMjAwMC9zdmciPjwvc3ZnPg==\" class=\"lazyload\"><\/span><\/p>\n<p><strong>Caso de \u00e9xito<\/strong><\/p>\n<p style=\"\">\u00abSalesforce ha superado las expectativas de Purdy Motor. La informaci\u00f3n que nos proporciona Sales Cloud y Service Cloud Enterprise Edition es invaluable y una parte clave para crecer el negocio y satisfacer las necesidades de nuestros consumidores.\u00bb<\/p>\n<p style=\"\">\n<p style=\"\">Oscar Esquivel<\/p>\n<p style=\"\">CRM\/Direct Channel Manager<\/p>\n<p style=\"\">Las historias de \u00e9xito mostradas son clientes de Salesforce.com, pero no necesariamente de Fast Cloud Consulting.<\/p>\n<p style=\"\">Descripci\u00f3n<\/p>\n<p>Desde software de centros de llamadas hasta portales de autoservicio, nuestras soluciones de servicio mejoran su servicio al cliente con una atenci\u00f3n m\u00e1s flexible, m\u00e1s intuitiva y m\u00e1s responsiva, que anticipa las necesidades de los clientes.<\/p>\n","protected":false},"excerpt":{"rendered":"<p>Service Cloud Service Cloud Dele a sus clientes la atenci\u00f3n que merecen con un servicio m\u00e1s r\u00e1pido y m\u00e1s inteligente. Cierre casos m\u00e1s r\u00e1pido Proporcione sistemas de auto-servicio inteligentes Personalice la atenci\u00f3n al cliente Provea soporte desde cualquier lugar Caso de \u00e9xito \u00abSalesforce ha superado las expectativas de Purdy Motor. La informaci\u00f3n que nos proporciona [&hellip;]<\/p>\n","protected":false},"author":1,"featured_media":0,"parent":0,"menu_order":0,"comment_status":"closed","ping_status":"closed","template":"","meta":{"footnotes":""},"class_list":["post-395","page","type-page","status-publish","hentry","post-wrapper","thrv_wrapper"],"_links":{"self":[{"href":"https:\/\/www.fastcloudconsulting.com\/es\/wp-json\/wp\/v2\/pages\/395","targetHints":{"allow":["GET"]}}],"collection":[{"href":"https:\/\/www.fastcloudconsulting.com\/es\/wp-json\/wp\/v2\/pages"}],"about":[{"href":"https:\/\/www.fastcloudconsulting.com\/es\/wp-json\/wp\/v2\/types\/page"}],"author":[{"embeddable":true,"href":"https:\/\/www.fastcloudconsulting.com\/es\/wp-json\/wp\/v2\/users\/1"}],"replies":[{"embeddable":true,"href":"https:\/\/www.fastcloudconsulting.com\/es\/wp-json\/wp\/v2\/comments?post=395"}],"version-history":[{"count":26,"href":"https:\/\/www.fastcloudconsulting.com\/es\/wp-json\/wp\/v2\/pages\/395\/revisions"}],"predecessor-version":[{"id":1268,"href":"https:\/\/www.fastcloudconsulting.com\/es\/wp-json\/wp\/v2\/pages\/395\/revisions\/1268"}],"wp:attachment":[{"href":"https:\/\/www.fastcloudconsulting.com\/es\/wp-json\/wp\/v2\/media?parent=395"}],"curies":[{"name":"wp","href":"https:\/\/api.w.org\/{rel}","templated":true}]}}