{"id":397,"date":"2023-03-23T21:32:49","date_gmt":"2023-03-23T21:32:49","guid":{"rendered":"https:\/\/www.fastcloudconsulting.com\/es\/?page_id=397"},"modified":"2024-01-22T16:38:14","modified_gmt":"2024-01-22T22:38:14","slug":"analytics-cloud","status":"publish","type":"page","link":"https:\/\/www.fastcloudconsulting.com\/es\/analytics-cloud\/","title":{"rendered":"Analytics cloud"},"content":{"rendered":"<p style=\"\">CRM Analytics<\/p>\n<p style=\"\">CRM Analytics<\/p>\n<p style=\"\"><strong>Basta de esperar a los analistas o al departamento de TI. Ahora cualquiera puede hacer preguntas, profundizar en los datos y encontrar nuevas oportunidades con nuestra plataforma de autoservicio.<\/strong><\/p>\n<p style=\"\"><strong><\/strong><\/p>\n<p style=\"\">Tome decisiones al instante<\/p>\n<p style=\"\">Conecte a toda su gente<\/p>\n<p style=\"\">Trabaje desde cualquier lugar<\/p>\n<p style=\"\">Obtenga conocimiento del contexto<\/p>\n<p style=\"\">Desbloquee informaci\u00f3n<\/p>\n<p><strong>Caso de \u00e9xito<\/strong><\/p>\n<p style=\"\">\u00abSe trata de una plataforma f\u00e1cil de usar con los principios de dise\u00f1o que permiten con mayor facilidad a los usuarios hacer cambios o integrar soluciones adicionales.\u00bb<\/p>\n<p style=\"\">\n<p style=\"\">Max Raphel<\/p>\n<p style=\"\">VP de Adquisici\u00f3n y Participaci\u00f3n de Clientes de UVM LATAM (Laureate International Universities)<\/p>\n<p style=\"\">Las historias de \u00e9xito mostradas son clientes de Salesforce.com, pero no necesariamente de Fast Cloud Consulting.<\/p>\n<p style=\"\">Descripci\u00f3n<\/p>\n<p>Descripci\u00f3n Transforme la manera en que su empresa recopila, analiza y distribuye la informaci\u00f3n de los clientes. Unifique los conjuntos de datos de m\u00faltiples fuentes en una sola vista para que pueda obtener respuestas con mayor rapidez y tomar acciones inmediatas.<\/p>\n","protected":false},"excerpt":{"rendered":"<p>CRM Analytics CRM Analytics Basta de esperar a los analistas o al departamento de TI. Ahora cualquiera puede hacer preguntas, profundizar en los datos y encontrar nuevas oportunidades con nuestra plataforma de autoservicio. Tome decisiones al instante Conecte a toda su gente Trabaje desde cualquier lugar Obtenga conocimiento del contexto Desbloquee informaci\u00f3n Caso de \u00e9xito [&hellip;]<\/p>\n","protected":false},"author":1,"featured_media":0,"parent":0,"menu_order":0,"comment_status":"closed","ping_status":"closed","template":"","meta":{"footnotes":""},"class_list":["post-397","page","type-page","status-publish","hentry","post-wrapper","thrv_wrapper"],"_links":{"self":[{"href":"https:\/\/www.fastcloudconsulting.com\/es\/wp-json\/wp\/v2\/pages\/397","targetHints":{"allow":["GET"]}}],"collection":[{"href":"https:\/\/www.fastcloudconsulting.com\/es\/wp-json\/wp\/v2\/pages"}],"about":[{"href":"https:\/\/www.fastcloudconsulting.com\/es\/wp-json\/wp\/v2\/types\/page"}],"author":[{"embeddable":true,"href":"https:\/\/www.fastcloudconsulting.com\/es\/wp-json\/wp\/v2\/users\/1"}],"replies":[{"embeddable":true,"href":"https:\/\/www.fastcloudconsulting.com\/es\/wp-json\/wp\/v2\/comments?post=397"}],"version-history":[{"count":22,"href":"https:\/\/www.fastcloudconsulting.com\/es\/wp-json\/wp\/v2\/pages\/397\/revisions"}],"predecessor-version":[{"id":1252,"href":"https:\/\/www.fastcloudconsulting.com\/es\/wp-json\/wp\/v2\/pages\/397\/revisions\/1252"}],"wp:attachment":[{"href":"https:\/\/www.fastcloudconsulting.com\/es\/wp-json\/wp\/v2\/media?parent=397"}],"curies":[{"name":"wp","href":"https:\/\/api.w.org\/{rel}","templated":true}]}}