{"id":407,"date":"2023-03-23T21:36:16","date_gmt":"2023-03-23T21:36:16","guid":{"rendered":"https:\/\/www.fastcloudconsulting.com\/es\/?page_id=407"},"modified":"2024-01-22T16:43:26","modified_gmt":"2024-01-22T22:43:26","slug":"amazon-connect","status":"publish","type":"page","link":"https:\/\/www.fastcloudconsulting.com\/es\/amazon-connect\/","title":{"rendered":"Amazon connect"},"content":{"rendered":"<p>Amazon Connect<\/p>\n<p style=\"\">Proporcione un servicio al cliente superior con una experiencia fluida a trav\u00e9s de voz y chat para sus clientes y agentes<\/p>\n<p style=\"\"><strong>Amazon Connect incluye un conjunto de herramientas para el enrutamiento basado en habilidades, potentes an\u00e1lisis hist\u00f3ricos y en tiempo real, y herramientas de administraci\u00f3n intuitivas y f\u00e1ciles de usar.&nbsp;<\/strong><\/p>\n<p style=\"\">\n<ul>\n<li style=\"\">Hacer cambios es f\u00e1cil con una interfaz de usuario intuitiva<\/li>\n<li style=\"\">Cuesta menos que los sistemas de centros de contacto heredados<\/li>\n<li style=\"\">Escalar su centro de contacto hacia arriba o hacia abajo a cualquier tama\u00f1o<\/li>\n<li style=\"\">Crear flujos de contacto de voz y chat, sin ning\u00fan tipo de codificaci\u00f3n<\/li>\n<\/ul>\n<p><span><img decoding=\"async\" alt=\"\" data-id=\"1255\" width=\"429\" data-init-width=\"371\" height=\"157\" data-init-height=\"136\" title=\"image\" data-src=\"https:\/\/www.fastcloudconsulting.com\/es\/wp-content\/uploads\/2024\/01\/image.png\" data-width=\"429\" style=\"--smush-placeholder-width: 429px; --smush-placeholder-aspect-ratio: 429\/157;aspect-ratio: auto 371 \/ 136;\" data-height=\"157\" src=\"data:image\/svg+xml;base64,PHN2ZyB3aWR0aD0iMSIgaGVpZ2h0PSIxIiB4bWxucz0iaHR0cDovL3d3dy53My5vcmcvMjAwMC9zdmciPjwvc3ZnPg==\" class=\"lazyload\"><\/span><\/p>\n<p style=\"text-align: center;\">Escale f\u00e1cilmente para satisfacer la demanda impredecible.<\/p>\n<p><span><img decoding=\"async\" alt=\"\" data-id=\"916\" width=\"650\" data-init-width=\"975\" height=\"345\" data-init-height=\"518\" title=\"aws-screenshot\" data-src=\"\/\/www.fastcloudconsulting.com\/wp-content\/uploads\/2023\/06\/aws-screenshot.png.webp\" data-width=\"650\" style=\"--smush-placeholder-width: 650px; --smush-placeholder-aspect-ratio: 650\/345;aspect-ratio: auto 975 \/ 518;\" data-height=\"345\" src=\"data:image\/svg+xml;base64,PHN2ZyB3aWR0aD0iMSIgaGVpZ2h0PSIxIiB4bWxucz0iaHR0cDovL3d3dy53My5vcmcvMjAwMC9zdmciPjwvc3ZnPg==\" class=\"lazyload\"><\/span><\/p>\n<p style=\"text-align: center;\">Con Amazon Connect, simplifica las operaciones de su Contact Center, mejora la eficiencia de los agentes y reduce los costos. Puede configurar un centro de contacto en minutos que puede escalar para admitir a millones de clientes.<\/p>\n<p style=\"text-align: center;\">\n<p style=\"text-align: center;\">Como parte de la nube de AWS, puede ayudar a sus clientes accediendo a Amazon Connect desde cualquier parte del mundo de forma segura, confiable y altamente escalable.<\/p>\n","protected":false},"excerpt":{"rendered":"<p>Amazon Connect Proporcione un servicio al cliente superior con una experiencia fluida a trav\u00e9s de voz y chat para sus clientes y agentes Amazon Connect incluye un conjunto de herramientas para el enrutamiento basado en habilidades, potentes an\u00e1lisis hist\u00f3ricos y en tiempo real, y herramientas de administraci\u00f3n intuitivas y f\u00e1ciles de usar.&nbsp; Hacer cambios es [&hellip;]<\/p>\n","protected":false},"author":1,"featured_media":0,"parent":0,"menu_order":0,"comment_status":"closed","ping_status":"closed","template":"","meta":{"footnotes":""},"class_list":["post-407","page","type-page","status-publish","hentry","post-wrapper","thrv_wrapper"],"_links":{"self":[{"href":"https:\/\/www.fastcloudconsulting.com\/es\/wp-json\/wp\/v2\/pages\/407","targetHints":{"allow":["GET"]}}],"collection":[{"href":"https:\/\/www.fastcloudconsulting.com\/es\/wp-json\/wp\/v2\/pages"}],"about":[{"href":"https:\/\/www.fastcloudconsulting.com\/es\/wp-json\/wp\/v2\/types\/page"}],"author":[{"embeddable":true,"href":"https:\/\/www.fastcloudconsulting.com\/es\/wp-json\/wp\/v2\/users\/1"}],"replies":[{"embeddable":true,"href":"https:\/\/www.fastcloudconsulting.com\/es\/wp-json\/wp\/v2\/comments?post=407"}],"version-history":[{"count":7,"href":"https:\/\/www.fastcloudconsulting.com\/es\/wp-json\/wp\/v2\/pages\/407\/revisions"}],"predecessor-version":[{"id":1257,"href":"https:\/\/www.fastcloudconsulting.com\/es\/wp-json\/wp\/v2\/pages\/407\/revisions\/1257"}],"wp:attachment":[{"href":"https:\/\/www.fastcloudconsulting.com\/es\/wp-json\/wp\/v2\/media?parent=407"}],"curies":[{"name":"wp","href":"https:\/\/api.w.org\/{rel}","templated":true}]}}