{"id":411,"date":"2023-03-23T21:37:32","date_gmt":"2023-03-23T21:37:32","guid":{"rendered":"https:\/\/www.fastcloudconsulting.com\/es\/?page_id=411"},"modified":"2023-07-03T16:55:14","modified_gmt":"2023-07-03T16:55:14","slug":"tableau","status":"publish","type":"page","link":"https:\/\/www.fastcloudconsulting.com\/es\/tableau\/","title":{"rendered":"Tableau"},"content":{"rendered":"<p>Conozca la plataforma de an\u00e1lisis l\u00edder en el mundo<\/p>\n<p><span><img decoding=\"async\" alt=\"\" data-id=\"474\" width=\"667\" data-init-width=\"743\" height=\"375\" data-init-height=\"418\" title=\"FreeTrial_Table\" data-src=\"https:\/\/www.fastcloudconsulting.com\/es\/wp-content\/uploads\/2023\/03\/FreeTrial_Table.png\" data-width=\"667\" style=\"--smush-placeholder-width: 667px; --smush-placeholder-aspect-ratio: 667\/375;aspect-ratio: auto 743 \/ 418;\" data-height=\"375\" src=\"data:image\/svg+xml;base64,PHN2ZyB3aWR0aD0iMSIgaGVpZ2h0PSIxIiB4bWxucz0iaHR0cDovL3d3dy53My5vcmcvMjAwMC9zdmciPjwvc3ZnPg==\" class=\"lazyload\"><\/span><\/p>\n<p style=\"text-align: justify;\"><strong>Cambie su forma de pensar acerca de los datos&nbsp;<\/strong><\/p>\n<p style=\"text-align: justify;\">Tableau ayuda a las personas y las organizaciones a basarse m\u00e1s en los datos con la plataforma de an\u00e1lisis moderna m\u00e1s apreciada del mundo.&nbsp;<\/p>\n<p style=\"text-align: justify;\">\u00bfPor qu\u00e9 elegir Tableau?<\/p>\n<p style=\"text-align: justify;\">Como la opci\u00f3n l\u00edder en el mercado para la inteligencia de negocios moderna, la plataforma Tableau es conocida por tomar cualquier tipo de datos de casi cualquier sistema y convertirlos en informaci\u00f3n procesable con rapidez y facilidad. Es tan simple como arrastrar y soltar. Adem\u00e1s, nuestros recursos de habilitaci\u00f3n, capacitaci\u00f3n y comunidad de datos globales l\u00edderes en la industria ofrecen un soporte incomparable para nuestros clientes y sus inversiones en an\u00e1lisis. Y en nuestra misi\u00f3n de ayudar a las personas a ver y comprender los datos, vamos m\u00e1s all\u00e1 de nuestra tecnolog\u00eda para garantizar el \u00e9xito del cliente al ayudar a las personas a desarrollar una cultura de datos.<\/p>\n<p style=\"\">Tableau es el l\u00edder de confianza en an\u00e1lisis<\/p>\n<p style=\"color: var(--tcb-skin-color-24)  !important; --tcb-applied-color:var$(--tcb-skin-color-24)  !important;\">&#8211; Innovaci\u00f3n centrada en el cliente<\/p>\n<p style=\"color: var(--tcb-skin-color-24)  !important; --tcb-applied-color:var$(--tcb-skin-color-24)  !important;\">&#8211; La experiencia de usuario m\u00e1s intuitiva<\/p>\n<p style=\"color: var(--tcb-skin-color-24)  !important; --tcb-applied-color:var$(--tcb-skin-color-24)  !important;\">&#8211; Gobernanza y seguridad<\/p>\n<p style=\"color: var(--tcb-skin-color-24)  !important; --tcb-applied-color:var$(--tcb-skin-color-24)  !important;\">&#8211; Anal\u00edtica potente para todos<\/p>\n<p style=\"color: var(--tcb-skin-color-24)  !important; --tcb-applied-color:var$(--tcb-skin-color-24)  !important;\">&#8211; Cultura de datos que impulsa el cambio<\/p>\n<p><span><img decoding=\"async\" alt=\"\" data-id=\"452\" width=\"476\" data-init-width=\"476\" height=\"330\" data-init-height=\"330\" title=\"TableauCRM_Moni\" data-src=\"https:\/\/www.fastcloudconsulting.com\/es\/wp-content\/uploads\/2023\/03\/TableauCRM_Moni.png\" data-width=\"476\" style=\"--smush-placeholder-width: 476px; --smush-placeholder-aspect-ratio: 476\/330;aspect-ratio: auto 476 \/ 330;\" src=\"data:image\/svg+xml;base64,PHN2ZyB3aWR0aD0iMSIgaGVpZ2h0PSIxIiB4bWxucz0iaHR0cDovL3d3dy53My5vcmcvMjAwMC9zdmciPjwvc3ZnPg==\" class=\"lazyload\"><\/span><\/p>\n<p style=\"\">Vea an\u00e1lisis y predicciones impulsados por IA en una sola plataforma: su CRM.<\/p>\n<p>Como parte de Salesforce, estamos impulsando nuestra innovaci\u00f3n con Einstein AI y m\u00e1s. Con Tableau CRM, puede trabajar de manera m\u00e1s inteligente, detectar tendencias m\u00e1s r\u00e1pido y predecir resultados de forma nativa en el CRM n.\u00ba 1 del mundo.<\/p>\n<p style=\"\"><strong>Caracter\u00edsticas <\/strong><\/p>\n<p style=\"text-align: center;\">Hacemos que el an\u00e1lisis de datos sea r\u00e1pido y f\u00e1cil, hermoso y \u00fatil, con software para todos y cada uno.<\/p>\n<p style=\"text-align: center;\">Libere el poder de sus datos, y su gente, para mover sus m\u00e9tricas hacia arriba y hacia la derecha.<\/p>\n<p style=\"text-align: center;\">Aprenda, crezca e insp\u00edrese con m\u00e1s de un mill\u00f3n de miembros en la comunidad de Tableau.<\/p>\n<p style=\"text-align: center;\">Solicite un <strong>demo <\/strong>o<\/p>\n<p style=\"text-align: center;\">ll\u00e1menos al <strong>+1 (305) 676 2472<\/strong><strong>&nbsp;<\/strong><\/p>\n<p>__CONFIG_colors_palette__{\u00abactive_palette\u00bb:0,\u00bbconfig\u00bb:{\u00abcolors\u00bb:{\u00ab292fa\u00bb:{\u00abname\u00bb:\u00bbMain Accent\u00bb,\u00bbparent\u00bb:-1}},\u00bbgradients\u00bb:[]},\u00bbpalettes\u00bb:[{\u00abname\u00bb:\u00bbDefault\u00bb,\u00bbvalue\u00bb:{\u00abcolors\u00bb:{\u00ab292fa\u00bb:{\u00abval\u00bb:\u00bbvar(&#8211;tcb-skin-color-0)\u00bb}},\u00bbgradients\u00bb:[]},\u00bboriginal\u00bb:{\u00abcolors\u00bb:{\u00ab292fa\u00bb:{\u00abval\u00bb:\u00bbrgb(47, 138, 229)\u00bb,\u00bbhsl\u00bb:{\u00abh\u00bb:210,\u00bbs\u00bb:0.77,\u00bbl\u00bb:0.54,\u00bba\u00bb:1}}},\u00bbgradients\u00bb:[]}}]}__CONFIG_colors_palette__                    <span>0 of 350<\/span>  __CONFIG_colors_palette__{\u00abactive_palette\u00bb:0,\u00bbconfig\u00bb:{\u00abcolors\u00bb:{\u00ab57caf\u00bb:{\u00abname\u00bb:\u00bbMain Accent\u00bb,\u00bbparent\u00bb:-1}},\u00bbgradients\u00bb:[]},\u00bbpalettes\u00bb:[{\u00abname\u00bb:\u00bbDefault Palette\u00bb,\u00bbvalue\u00bb:{\u00abcolors\u00bb:{\u00ab57caf\u00bb:{\u00abval\u00bb:\u00bbvar(&#8211;tcb-local-color-292fa)\u00bb,\u00bbhsl\u00bb:{\u00abh\u00bb:210,\u00bbs\u00bb:0.78,\u00bbl\u00bb:0.01}}},\u00bbgradients\u00bb:[]},\u00bboriginal\u00bb:{\u00abcolors\u00bb:{\u00ab57caf\u00bb:{\u00abval\u00bb:\u00bbrgb(19, 114, 211)\u00bb,\u00bbhsl\u00bb:{\u00abh\u00bb:210,\u00bbs\u00bb:0.83,\u00bbl\u00bb:0.45}}},\u00bbgradients\u00bb:[]}}]}__CONFIG_colors_palette__ <a href=\"#\" style=\"\"> <span style=\"\"><span style=\"\">Enviar<\/span><\/span> <\/a>         <\/p>\n","protected":false},"excerpt":{"rendered":"<p>Conozca la plataforma de an\u00e1lisis l\u00edder en el mundo Cambie su forma de pensar acerca de los datos&nbsp; Tableau ayuda a las personas y las organizaciones a basarse m\u00e1s en los datos con la plataforma de an\u00e1lisis moderna m\u00e1s apreciada del mundo.&nbsp; \u00bfPor qu\u00e9 elegir Tableau? Como la opci\u00f3n l\u00edder en el mercado para la [&hellip;]<\/p>\n","protected":false},"author":1,"featured_media":0,"parent":0,"menu_order":0,"comment_status":"closed","ping_status":"closed","template":"","meta":{"footnotes":""},"class_list":["post-411","page","type-page","status-publish","hentry","post-wrapper","thrv_wrapper"],"_links":{"self":[{"href":"https:\/\/www.fastcloudconsulting.com\/es\/wp-json\/wp\/v2\/pages\/411","targetHints":{"allow":["GET"]}}],"collection":[{"href":"https:\/\/www.fastcloudconsulting.com\/es\/wp-json\/wp\/v2\/pages"}],"about":[{"href":"https:\/\/www.fastcloudconsulting.com\/es\/wp-json\/wp\/v2\/types\/page"}],"author":[{"embeddable":true,"href":"https:\/\/www.fastcloudconsulting.com\/es\/wp-json\/wp\/v2\/users\/1"}],"replies":[{"embeddable":true,"href":"https:\/\/www.fastcloudconsulting.com\/es\/wp-json\/wp\/v2\/comments?post=411"}],"version-history":[{"count":20,"href":"https:\/\/www.fastcloudconsulting.com\/es\/wp-json\/wp\/v2\/pages\/411\/revisions"}],"predecessor-version":[{"id":1045,"href":"https:\/\/www.fastcloudconsulting.com\/es\/wp-json\/wp\/v2\/pages\/411\/revisions\/1045"}],"wp:attachment":[{"href":"https:\/\/www.fastcloudconsulting.com\/es\/wp-json\/wp\/v2\/media?parent=411"}],"curies":[{"name":"wp","href":"https:\/\/api.w.org\/{rel}","templated":true}]}}